{"id":1471,"date":"2025-07-22T06:25:44","date_gmt":"2025-07-22T06:25:44","guid":{"rendered":"https:\/\/themexriver.com\/wp\/travlia\/?page_id=1471"},"modified":"2026-02-25T18:29:39","modified_gmt":"2026-02-25T18:29:39","slug":"paquetes","status":"publish","type":"page","link":"https:\/\/fucae.com\/america28\/paquetes\/","title":{"rendered":"Paquetes"},"content":{"rendered":"\t\t<div data-elementor-type=\"wp-page\" data-elementor-id=\"1471\" class=\"elementor elementor-1471\">\n\t\t\t\t<div class=\"elementor-element elementor-element-39b1d05 e-flex e-con-boxed e-con e-parent\" data-id=\"39b1d05\" data-element_type=\"container\" data-e-type=\"container\">\n\t\t\t\t\t<div class=\"e-con-inner\">\n\t\t<div class=\"elementor-element elementor-element-6b8da8c e-con-full e-flex e-con e-child\" data-id=\"6b8da8c\" data-element_type=\"container\" data-e-type=\"container\">\n\t\t\t\t<div class=\"elementor-element elementor-element-6d9be32 elementor-widget elementor-widget-travlia-pricing-table\" data-id=\"6d9be32\" data-element_type=\"widget\" data-e-type=\"widget\" data-widget_type=\"travlia-pricing-table.default\">\n\t\t\t\t<div class=\"elementor-widget-container\">\n\t\t\t\t\t<div class=\"wow fadeInUp\"  data-wow-delay=\"300ms\" data-wow-duration=\"1000ms\">\n    <div class=\"gt-pricing-item headline\">\n        <div class=\"price-value\">\n            <h3><sup>USD<\/sup>390<sub>\/Anual<\/sub><\/h3>\n        <\/div>\n        <div class=\"price-img-wrap d-flex align-items-center\">\n                            <div class=\"price_img_1\"><img decoding=\"async\" src=\"https:\/\/fucae.com\/america28\/wp-content\/uploads\/2026\/02\/Mexico-City.webp\" alt=\"\"><\/div>\n                                        <div class=\"price_img_2\"><img decoding=\"async\" src=\"https:\/\/fucae.com\/america28\/wp-content\/uploads\/2026\/02\/Tijuana-\u2013-Baja-California.webp\" alt=\"\"><\/div>\n                    <\/div>\n        <div class=\"price-text headline pera-content\">\n            <h4>Membres\u00eda Fucae Gold<\/h4>\n\n                            <p>Incluye Todos los Beneficios de Socio<\/p>\n            \n        <\/div>\n        <div class=\"gt-item-list mt-20 ul-li\">\n            <ul>\n                                    <li class=\"wow\" data-splitting=\"\"><i aria-hidden=\"true\" class=\"far fa-check-circle\"><\/i> Formaci\u00f3n y Certificaci\u00f3n<\/li>\n                                    <li class=\"wow\" data-splitting=\"\"><i aria-hidden=\"true\" class=\"far fa-check-circle\"><\/i> Posibilidad de Ocupar Cargos Directivos<\/li>\n                                    <li class=\"wow\" data-splitting=\"\"><i aria-hidden=\"true\" class=\"far fa-check-circle\"><\/i> Beneficios Econ\u00f3micos Indirectos<\/li>\n                                    <li class=\"wow\" data-splitting=\"\"><i aria-hidden=\"true\" class=\"far fa-check-circle\"><\/i> Supervivencia y Primeros Auxilios<\/li>\n                                    <li class=\"wow\" data-splitting=\"\"><i aria-hidden=\"true\" class=\"far fa-check-circle\"><\/i> Ingl\u00e9s y Portugu\u00e9s Free<\/li>\n                                    <li class=\"wow\" data-splitting=\"\"><i aria-hidden=\"true\" class=\"far fa-check-circle\"><\/i> Participaci\u00f3n en Misiones Internacionales<\/li>\n                                    <li class=\"wow\" data-splitting=\"\"><i aria-hidden=\"true\" class=\"far fa-check-circle\"><\/i> Revista Fucae<\/li>\n                                    <li class=\"wow\" data-splitting=\"\"><i aria-hidden=\"true\" class=\"far fa-check-circle\"><\/i> Posibilidad de Ser Embajador Local<\/li>\n                            <\/ul>\n        <\/div>\n                <div class=\"price-btn mt-15\">\n            <a href=\"https:\/\/wa.me\/5511930331168?text=%C2%A1Hola!%20Quiero%20inscribirme%20en%20la%20Membres%C3%ADa%20Gold%20%F0%9F%A5%87\">\u00a1Hazte Gold!<\/a>\n        <\/div>\n            <\/div>\n<\/div>\t\t\t\t<\/div>\n\t\t\t\t<\/div>\n\t\t\t\t<\/div>\n\t\t<div class=\"elementor-element elementor-element-8f5cc82 e-con-full e-flex e-con e-child\" data-id=\"8f5cc82\" data-element_type=\"container\" data-e-type=\"container\">\n\t\t\t\t<div class=\"elementor-element elementor-element-95440ad elementor-widget elementor-widget-travlia-pricing-table\" data-id=\"95440ad\" data-element_type=\"widget\" data-e-type=\"widget\" data-widget_type=\"travlia-pricing-table.default\">\n\t\t\t\t<div class=\"elementor-widget-container\">\n\t\t\t\t\t<div class=\"wow fadeInUp\"  data-wow-delay=\"300ms\" data-wow-duration=\"1000ms\">\n    <div class=\"gt-pricing-item headline\">\n        <div class=\"price-value\">\n            <h3><sup>USD<\/sup>190<sub>\/Anual<\/sub><\/h3>\n        <\/div>\n        <div class=\"price-img-wrap d-flex align-items-center\">\n                            <div class=\"price_img_1\"><img decoding=\"async\" src=\"https:\/\/fucae.com\/america28\/wp-content\/uploads\/2025\/07\/fg2-1.webp\" alt=\"\"><\/div>\n                                        <div class=\"price_img_2\"><img decoding=\"async\" src=\"https:\/\/fucae.com\/america28\/wp-content\/uploads\/2026\/02\/Edmonton-AB.webp\" alt=\"\"><\/div>\n                    <\/div>\n        <div class=\"price-text headline pera-content\">\n            <h4>Membres\u00eda Bronce<\/h4>\n\n                            <p>Incluye Beneficios de Base<\/p>\n            \n        <\/div>\n        <div class=\"gt-item-list mt-20 ul-li\">\n            <ul>\n                                    <li class=\"wow\" data-splitting=\"\"><i aria-hidden=\"true\" class=\"far fa-check-circle\"><\/i> Formaci\u00f3n y Certificaciones<\/li>\n                                    <li class=\"wow\" data-splitting=\"\"><i aria-hidden=\"true\" class=\"far fa-check-circle\"><\/i> Participaci\u00f3n en Cargo de Base<\/li>\n                                    <li class=\"wow\" data-splitting=\"\"><i aria-hidden=\"true\" class=\"far fa-check-circle\"><\/i> Beneficios Econ\u00f3micos Indirectos<\/li>\n                                    <li class=\"wow\" data-splitting=\"\"><i aria-hidden=\"true\" class=\"far fa-check-circle\"><\/i> Supervivencia y Primeros Auxilios<\/li>\n                                    <li class=\"wow\" data-splitting=\"\"><i aria-hidden=\"true\" class=\"far fa-check-circle\"><\/i> Participaci\u00f3n en Misiones Internacionales<\/li>\n                                    <li class=\"wow\" data-splitting=\"\"><i aria-hidden=\"true\" class=\"far fa-check-circle\"><\/i> Revista Fucae<\/li>\n                            <\/ul>\n        <\/div>\n                <div class=\"price-btn mt-15\">\n            <a href=\"https:\/\/wa.me\/5511930331168?text=%C2%A1Hola!%20Quiero%20inscribirme%20en%20la%20Membres%C3%ADa%20Bronce%20%F0%9F%A5%89\">\u00a1Hazte Bronce!<\/a>\n        <\/div>\n            <\/div>\n<\/div>\t\t\t\t<\/div>\n\t\t\t\t<\/div>\n\t\t\t\t<\/div>\n\t\t<div class=\"elementor-element elementor-element-9d8134b e-con-full e-flex e-con e-child\" data-id=\"9d8134b\" data-element_type=\"container\" data-e-type=\"container\">\n\t\t\t\t<div class=\"elementor-element elementor-element-edb38bd elementor-widget elementor-widget-travlia-pricing-table\" data-id=\"edb38bd\" data-element_type=\"widget\" data-e-type=\"widget\" data-widget_type=\"travlia-pricing-table.default\">\n\t\t\t\t<div class=\"elementor-widget-container\">\n\t\t\t\t\t<div class=\"wow fadeInUp\"  data-wow-delay=\"300ms\" data-wow-duration=\"1000ms\">\n    <div class=\"gt-pricing-item headline\">\n        <div class=\"price-value\">\n            <h3><sup>USD<\/sup>4280<sub><\/sub><\/h3>\n        <\/div>\n        <div class=\"price-img-wrap d-flex align-items-center\">\n                            <div class=\"price_img_1\"><img decoding=\"async\" src=\"https:\/\/fucae.com\/america28\/wp-content\/uploads\/2026\/02\/Anchorage-AK.webp\" alt=\"\"><\/div>\n                                        <div class=\"price_img_2\"><img decoding=\"async\" src=\"https:\/\/fucae.com\/america28\/wp-content\/uploads\/2026\/02\/porto-alegre.webp\" alt=\"Porto Alegre\"><\/div>\n                    <\/div>\n        <div class=\"price-text headline pera-content\">\n            <h4>Aplicaci\u00f3n a Am\u00e9rica 28<\/h4>\n\n                            <p>Canjeable en Hasta un 80% por Trabajos de Voluntariado<\/p>\n            \n        <\/div>\n        <div class=\"gt-item-list mt-20 ul-li\">\n            <ul>\n                                    <li class=\"wow\" data-splitting=\"\"><i aria-hidden=\"true\" class=\"far fa-check-circle\"><\/i> Derecho a Competir por Lugar<\/li>\n                                    <li class=\"wow\" data-splitting=\"\"><i aria-hidden=\"true\" class=\"far fa-check-circle\"><\/i> Igualdad de Oportunidades al Resto<\/li>\n                                    <li class=\"wow\" data-splitting=\"\"><i aria-hidden=\"true\" class=\"far fa-check-circle\"><\/i> Derecho a Todas las Capacitaciones<\/li>\n                                    <li class=\"wow\" data-splitting=\"\"><i aria-hidden=\"true\" class=\"far fa-check-circle\"><\/i> Derecho a Ocupar Cargos Operativos<\/li>\n                                    <li class=\"wow\" data-splitting=\"\"><i aria-hidden=\"true\" class=\"far fa-check-circle\"><\/i> Derecho de Voto a Autoridades<\/li>\n                                    <li class=\"wow\" data-splitting=\"\"><i aria-hidden=\"true\" class=\"far fa-check-circle\"><\/i> Derecho a Ocupar Dirigencias de Am\u00e9rica 28<\/li>\n                                    <li class=\"wow\" data-splitting=\"\"><i aria-hidden=\"true\" class=\"far fa-check-circle\"><\/i> Gesti\u00f3n de VISAS y Apoyos de Fucae<\/li>\n                            <\/ul>\n        <\/div>\n                <div class=\"price-btn mt-15\">\n            <a href=\"https:\/\/wa.me\/5511930331168?text=%C2%A1Hola!%20Quiero%20inscribirme%20en%20el%20Paquete%20Aplicaci%C3%B3n%20a%20Am%C3%A9rica%2028%20%F0%9F%8C%8E\">Compite Por Tu Lugar<\/a>\n        <\/div>\n            <\/div>\n<\/div>\t\t\t\t<\/div>\n\t\t\t\t<\/div>\n\t\t\t\t<\/div>\n\t\t\t\t\t<\/div>\n\t\t\t\t<\/div>\n\t\t\t\t<\/div>\n\t\t","protected":false},"excerpt":{"rendered":"<p>USD390\/Anual Membres\u00eda Fucae Gold Incluye Todos los Beneficios de Socio Formaci\u00f3n y Certificaci\u00f3n Posibilidad de Ocupar Cargos Directivos Beneficios Econ\u00f3micos Indirectos Supervivencia y Primeros Auxilios Ingl\u00e9s y Portugu\u00e9s Free Participaci\u00f3n en Misiones Internacionales Revista Fucae Posibilidad de Ser Embajador Local \u00a1Hazte Gold! USD190\/Anual Membres\u00eda Bronce Incluye Beneficios de Base Formaci\u00f3n y Certificaciones Participaci\u00f3n en Cargo [&hellip;]<\/p>\n","protected":false},"author":1,"featured_media":0,"parent":0,"menu_order":0,"comment_status":"closed","ping_status":"closed","template":"elementor_header_footer","meta":{"footnotes":""},"class_list":["post-1471","page","type-page","status-publish","hentry"],"_hostinger_reach_plugin_has_subscription_block":false,"_hostinger_reach_plugin_is_elementor":false,"_links":{"self":[{"href":"https:\/\/fucae.com\/america28\/wp-json\/wp\/v2\/pages\/1471","targetHints":{"allow":["GET"]}}],"collection":[{"href":"https:\/\/fucae.com\/america28\/wp-json\/wp\/v2\/pages"}],"about":[{"href":"https:\/\/fucae.com\/america28\/wp-json\/wp\/v2\/types\/page"}],"author":[{"embeddable":true,"href":"https:\/\/fucae.com\/america28\/wp-json\/wp\/v2\/users\/1"}],"replies":[{"embeddable":true,"href":"https:\/\/fucae.com\/america28\/wp-json\/wp\/v2\/comments?post=1471"}],"version-history":[{"count":26,"href":"https:\/\/fucae.com\/america28\/wp-json\/wp\/v2\/pages\/1471\/revisions"}],"predecessor-version":[{"id":2818,"href":"https:\/\/fucae.com\/america28\/wp-json\/wp\/v2\/pages\/1471\/revisions\/2818"}],"wp:attachment":[{"href":"https:\/\/fucae.com\/america28\/wp-json\/wp\/v2\/media?parent=1471"}],"curies":[{"name":"wp","href":"https:\/\/api.w.org\/{rel}","templated":true}]}}