{"id":851,"date":"2025-07-16T04:24:01","date_gmt":"2025-07-16T04:24:01","guid":{"rendered":"https:\/\/themexriver.com\/wp\/travlia\/?page_id=851"},"modified":"2026-02-27T20:00:49","modified_gmt":"2026-02-27T20:00:49","slug":"contacto","status":"publish","type":"page","link":"https:\/\/fucae.com\/america28\/contacto\/","title":{"rendered":"Contacto"},"content":{"rendered":"\t\t<div data-elementor-type=\"wp-page\" data-elementor-id=\"851\" class=\"elementor elementor-851\">\n\t\t\t\t<div class=\"elementor-element elementor-element-5e6e694 e-con-full e-flex e-con e-parent\" data-id=\"5e6e694\" data-element_type=\"container\" data-e-type=\"container\">\n\t\t\t\t<div class=\"elementor-element elementor-element-17fbe64 elementor-widget elementor-widget-go-bk-form\" data-id=\"17fbe64\" data-element_type=\"widget\" data-e-type=\"widget\" data-widget_type=\"go-bk-form.default\">\n\t\t\t\t<div class=\"elementor-widget-container\">\n\t\t\t\t\t<div class=\"tv-contact-content over-hidden pt-125 pb-100 position-relative\">\n            <span class=\"tv-cont-sh4 position-absolute\"><img decoding=\"async\" src=\"https:\/\/themexriver.com\/wp\/travlia\/wp-content\/uploads\/2025\/07\/shape5.webp\" alt=\"\"><\/span>\n                <span class=\"tv-cont-sh5 position-absolute\"><img decoding=\"async\" src=\"https:\/\/fucae.com\/america28\/wp-content\/uploads\/2026\/02\/EF9B3A0A-A0B3-4B58-927D-1E132A6A396F_-removebg-preview.webp\" alt=\"\"><\/span>\n                <span class=\"tv-cont-sh6 position-absolute\"><img decoding=\"async\" src=\"https:\/\/themexriver.com\/wp\/travlia\/wp-content\/uploads\/2025\/07\/shape7.webp\" alt=\"\"><\/span>\n                <span class=\"tv-cont-sh7 position-absolute\"><img decoding=\"async\" src=\"https:\/\/fucae.com\/america28\/wp-content\/uploads\/2026\/02\/09D43905-E4E5-4DD8-B54E-24478A642DE9_-removebg-preview.png\" alt=\"\"><\/span>\n                <span class=\"tv-cont-sh8 position-absolute\"><img decoding=\"async\" src=\"https:\/\/fucae.com\/america28\/wp-content\/uploads\/2026\/02\/image-removebg-preview-2.webp\" alt=\"\"><\/span>\n                <span class=\"tv-cont-sh9 position-absolute\"><img decoding=\"async\" src=\"https:\/\/fucae.com\/america28\/wp-content\/uploads\/2026\/02\/135D1638-EB56-4EDE-BCF1-42B778A77063_-removebg-preview.webp\" alt=\"\"><\/span>\n        <div class=\"container\">\n        <div class=\"tv-contact-wrap position-relative  d-flex justify-content-end\">\n                            <div class=\"tv-cont-img\">\n                    <img decoding=\"async\" src=\"https:\/\/fucae.com\/america28\/wp-content\/uploads\/2026\/02\/unnamed-removebg-preview-2.webp\" alt=\"\">\n                <\/div>\n                                        <div class=\"tv-cn-sh2 position-absolute\">\n                    <img decoding=\"async\" src=\"https:\/\/fucae.com\/america28\/wp-content\/uploads\/2026\/02\/envato-labs-image-edit-25-4.webp\" alt=\"\">\n                <\/div>\n                                        <div class=\"tv-cn-sh3 position-absolute\">\n                    <img decoding=\"async\" src=\"https:\/\/fucae.com\/america28\/wp-content\/uploads\/2026\/02\/envato-labs-image-edit-26.webp\" alt=\"\">\n                <\/div>\n                        <div class=\"tv-contact-form headline-1  position-relative\">\n                                <span class=\"tv-cont-shape1 position-absolute\"><img decoding=\"async\" src=\"https:\/\/fucae.com\/america28\/wp-content\/uploads\/2026\/02\/61EF7BA0-1BA0-4891-B519-C555D5FD81D5_-removebg-preview-5.webp\" alt=\"\"><\/span>\n                                                    <h3>\n                        As\u00f3ciate e Inscr\u00edbete                     <\/h3>\n                                \n<div class=\"wpcf7 no-js\" id=\"wpcf7-f2480-o1\" lang=\"es-ES\" dir=\"ltr\" data-wpcf7-id=\"2480\">\n<div class=\"screen-reader-response\"><p role=\"status\" aria-live=\"polite\" aria-atomic=\"true\"><\/p> <ul><\/ul><\/div>\n<form action=\"\/america28\/wp-json\/wp\/v2\/pages\/851#wpcf7-f2480-o1\" method=\"post\" class=\"wpcf7-form init\" aria-label=\"Formulario de contacto\" novalidate=\"novalidate\" data-status=\"init\">\n<fieldset class=\"hidden-fields-container\"><input type=\"hidden\" name=\"_wpcf7\" value=\"2480\" \/><input type=\"hidden\" name=\"_wpcf7_version\" value=\"6.1.5\" \/><input type=\"hidden\" name=\"_wpcf7_locale\" value=\"es_ES\" \/><input type=\"hidden\" name=\"_wpcf7_unit_tag\" value=\"wpcf7-f2480-o1\" \/><input type=\"hidden\" name=\"_wpcf7_container_post\" value=\"0\" \/><input type=\"hidden\" name=\"_wpcf7_posted_data_hash\" value=\"\" \/>\n<\/fieldset>\n<div class=\"tv-booking-option position-relative\">\n\t<div class=\"row\">\n\t\t<div class=\"col-md-6\">\n\t\t\t<div class=\"option_action position-relative headline\">\n\t\t\t\t<h3><i class=\"fas fa-user\"><\/i> Nombres<\/h3>\n\t\t\t\t<input size=\"40\" maxlength=\"400\" class=\"wpcf7-form-control wpcf7-text wpcf7-validates-as-required\" aria-required=\"true\" aria-invalid=\"false\" placeholder=\"Ejemplo: Juan\" value=\"\" type=\"text\" name=\"nombres\" \/>\n\t\t\t<\/div>\n\t\t<\/div>\n\n\t\t<div class=\"col-md-6\">\n\t\t\t<div class=\"option_action position-relative headline\">\n\t\t\t\t<h3><i class=\"fas fa-user\"><\/i> Apellidos<\/h3>\n\t\t\t\t<input size=\"40\" maxlength=\"400\" class=\"wpcf7-form-control wpcf7-text wpcf7-validates-as-required\" aria-required=\"true\" aria-invalid=\"false\" placeholder=\"Ejemplo: P\u00e9rez\" value=\"\" type=\"text\" name=\"apellidos\" \/>\n\t\t\t<\/div>\n\t\t<\/div>\n\n\t\t<div class=\"col-md-12\">\n\t\t\t<div class=\"option_action position-relative headline\">\n\t\t\t\t<h3><i class=\"fas fa-envelope\"><\/i> Correo Electr\u00f3nico<\/h3>\n\t\t\t\t<input size=\"40\" maxlength=\"400\" class=\"wpcf7-form-control wpcf7-email wpcf7-validates-as-required wpcf7-text wpcf7-validates-as-email\" aria-required=\"true\" aria-invalid=\"false\" placeholder=\"ejemplo@correo.com\" value=\"\" type=\"email\" name=\"correo-electronico\" \/>\n\t\t\t<\/div>\n\t\t<\/div>\n\n\t\t<div class=\"tv-booking-option position-relative\">\n\t<div class=\"row\">\n\t\t<div class=\"col-md-6\">\n\t\t\t<div class=\"option_action position-relative headline\">\n\t\t\t\t<h3><i class=\"fas fa-globe-americas\"><\/i> Pa\u00eds<\/h3>\n\t\t\t\t<select class=\"wpcf7-form-control wpcf7-select wpcf7-validates-as-required\" id=\"pais-selector\" aria-required=\"true\" aria-invalid=\"false\" name=\"pais-origen\"><option value=\"\">&#8212;Por favor, elige una opci\u00f3n&#8212;<\/option><option value=\"Afganist\u00e1n\">Afganist\u00e1n<\/option><option value=\"Albania\">Albania<\/option><option value=\"Alemania\">Alemania<\/option><option value=\"Andorra\">Andorra<\/option><option value=\"Angola\">Angola<\/option><option value=\"Antigua y Barbuda\">Antigua y Barbuda<\/option><option value=\"Arabia Saudita\">Arabia Saudita<\/option><option value=\"Argelia\">Argelia<\/option><option value=\"Argentina\">Argentina<\/option><option value=\"Armenia\">Armenia<\/option><option value=\"Australia\">Australia<\/option><option value=\"Austria\">Austria<\/option><option value=\"Azerbaiy\u00e1n\">Azerbaiy\u00e1n<\/option><option value=\"Bahamas\">Bahamas<\/option><option value=\"Banglad\u00e9s\">Banglad\u00e9s<\/option><option value=\"Barbados\">Barbados<\/option><option value=\"Bar\u00e9in\">Bar\u00e9in<\/option><option value=\"B\u00e9lgica\">B\u00e9lgica<\/option><option value=\"Belice\">Belice<\/option><option value=\"Ben\u00edn\">Ben\u00edn<\/option><option value=\"Bielorrusia\">Bielorrusia<\/option><option value=\"Birmania (Myanmar)\">Birmania (Myanmar)<\/option><option value=\"Bolivia\">Bolivia<\/option><option value=\"Bosnia y Herzegovina\">Bosnia y Herzegovina<\/option><option value=\"Botsuana\">Botsuana<\/option><option value=\"Brasil\">Brasil<\/option><option value=\"Brun\u00e9i\">Brun\u00e9i<\/option><option value=\"Bulgaria\">Bulgaria<\/option><option value=\"Burkina Faso\">Burkina Faso<\/option><option value=\"Burundi\">Burundi<\/option><option value=\"But\u00e1n\">But\u00e1n<\/option><option value=\"Cabo Verde\">Cabo Verde<\/option><option value=\"Camboya\">Camboya<\/option><option value=\"Camer\u00fan\">Camer\u00fan<\/option><option value=\"Canad\u00e1\">Canad\u00e1<\/option><option value=\"Catar\">Catar<\/option><option value=\"Chad\">Chad<\/option><option value=\"Chile\">Chile<\/option><option value=\"China\">China<\/option><option value=\"Chipre\">Chipre<\/option><option value=\"Ciudad del Vaticano\">Ciudad del Vaticano<\/option><option value=\"Colombia\">Colombia<\/option><option value=\"Comoras\">Comoras<\/option><option value=\"Corea del Norte\">Corea del Norte<\/option><option value=\"Corea del Sur\">Corea del Sur<\/option><option value=\"Costa de Marfil\">Costa de Marfil<\/option><option value=\"Costa Rica\">Costa Rica<\/option><option value=\"Croacia\">Croacia<\/option><option value=\"Cuba\">Cuba<\/option><option value=\"Dinamarca\">Dinamarca<\/option><option value=\"Dominica\">Dominica<\/option><option value=\"Ecuador\">Ecuador<\/option><option value=\"Egipto\">Egipto<\/option><option value=\"El Salvador\">El Salvador<\/option><option value=\"Emiratos \u00c1rabes Unidos\">Emiratos \u00c1rabes Unidos<\/option><option value=\"Eritrea\">Eritrea<\/option><option value=\"Eslovaquia\">Eslovaquia<\/option><option value=\"Eslovenia\">Eslovenia<\/option><option value=\"Espa\u00f1a\">Espa\u00f1a<\/option><option value=\"Estados Unidos\">Estados Unidos<\/option><option value=\"Estonia\">Estonia<\/option><option value=\"Etiop\u00eda\">Etiop\u00eda<\/option><option value=\"Filipinas\">Filipinas<\/option><option value=\"Finlandia\">Finlandia<\/option><option value=\"Fiyi\">Fiyi<\/option><option value=\"Francia\">Francia<\/option><option value=\"Gab\u00f3n\">Gab\u00f3n<\/option><option value=\"Gambia\">Gambia<\/option><option value=\"Georgia\">Georgia<\/option><option value=\"Ghana\">Ghana<\/option><option value=\"Granada\">Granada<\/option><option value=\"Grecia\">Grecia<\/option><option value=\"Guatemala\">Guatemala<\/option><option value=\"Guyana\">Guyana<\/option><option value=\"Guinea\">Guinea<\/option><option value=\"Guinea-Bis\u00e1u\">Guinea-Bis\u00e1u<\/option><option value=\"Guinea Ecuatorial\">Guinea Ecuatorial<\/option><option value=\"Hait\u00ed\">Hait\u00ed<\/option><option value=\"Honduras\">Honduras<\/option><option value=\"Hungr\u00eda\">Hungr\u00eda<\/option><option value=\"India\">India<\/option><option value=\"Indonesia\">Indonesia<\/option><option value=\"Irak\">Irak<\/option><option value=\"Ir\u00e1n\">Ir\u00e1n<\/option><option value=\"Irlanda\">Irlanda<\/option><option value=\"Islandia\">Islandia<\/option><option value=\"Islas Marshall\">Islas Marshall<\/option><option value=\"Islas Salom\u00f3n\">Islas Salom\u00f3n<\/option><option value=\"Israel\">Israel<\/option><option value=\"Italia\">Italia<\/option><option value=\"Jamaica\">Jamaica<\/option><option value=\"Jap\u00f3n\">Jap\u00f3n<\/option><option value=\"Jordania\">Jordania<\/option><option value=\"Kazajist\u00e1n\">Kazajist\u00e1n<\/option><option value=\"Kenia\">Kenia<\/option><option value=\"Kirguist\u00e1n\">Kirguist\u00e1n<\/option><option value=\"Kiribati\">Kiribati<\/option><option value=\"Kuwait\">Kuwait<\/option><option value=\"Laos\">Laos<\/option><option value=\"Lesoto\">Lesoto<\/option><option value=\"Letonia\">Letonia<\/option><option value=\"L\u00edbano\">L\u00edbano<\/option><option value=\"Liberia\">Liberia<\/option><option value=\"Libia\">Libia<\/option><option value=\"Liechtenstein\">Liechtenstein<\/option><option value=\"Lituania\">Lituania<\/option><option value=\"Luxemburgo\">Luxemburgo<\/option><option value=\"Macedonia del Norte\">Macedonia del Norte<\/option><option value=\"Madagascar\">Madagascar<\/option><option value=\"Malasia\">Malasia<\/option><option value=\"Malaui\">Malaui<\/option><option value=\"Maldivas\">Maldivas<\/option><option value=\"Mal\u00ed\">Mal\u00ed<\/option><option value=\"Malta\">Malta<\/option><option value=\"Marruecos\">Marruecos<\/option><option value=\"Mauricio\">Mauricio<\/option><option value=\"Mauritania\">Mauritania<\/option><option value=\"M\u00e9xico\">M\u00e9xico<\/option><option value=\"Micronesia\">Micronesia<\/option><option value=\"Moldavia\">Moldavia<\/option><option value=\"M\u00f3naco\">M\u00f3naco<\/option><option value=\"Mongolia\">Mongolia<\/option><option value=\"Montenegro\">Montenegro<\/option><option value=\"Mozambique\">Mozambique<\/option><option value=\"Namibia\">Namibia<\/option><option value=\"Nauru\">Nauru<\/option><option value=\"Nepal\">Nepal<\/option><option value=\"Nicaragua\">Nicaragua<\/option><option value=\"N\u00edger\">N\u00edger<\/option><option value=\"Nigeria\">Nigeria<\/option><option value=\"Noruega\">Noruega<\/option><option value=\"Nueva Zelanda\">Nueva Zelanda<\/option><option value=\"Om\u00e1n\">Om\u00e1n<\/option><option value=\"Pa\u00edses Bajos\">Pa\u00edses Bajos<\/option><option value=\"Pakist\u00e1n\">Pakist\u00e1n<\/option><option value=\"Palaos\">Palaos<\/option><option value=\"Palestina\">Palestina<\/option><option value=\"Panam\u00e1\">Panam\u00e1<\/option><option value=\"Pap\u00faa Nueva Guinea\">Pap\u00faa Nueva Guinea<\/option><option value=\"Paraguay\">Paraguay<\/option><option value=\"Per\u00fa\">Per\u00fa<\/option><option value=\"Polonia\">Polonia<\/option><option value=\"Portugal\">Portugal<\/option><option value=\"Reino Unido\">Reino Unido<\/option><option value=\"Rep\u00fablica Centroafricana\">Rep\u00fablica Centroafricana<\/option><option value=\"Rep\u00fablica Checa\">Rep\u00fablica Checa<\/option><option value=\"Rep\u00fablica del Congo\">Rep\u00fablica del Congo<\/option><option value=\"Rep\u00fablica Democr\u00e1tica del Congo\">Rep\u00fablica Democr\u00e1tica del Congo<\/option><option value=\"Rep\u00fablica Dominicana\">Rep\u00fablica Dominicana<\/option><option value=\"Ruanda\">Ruanda<\/option><option value=\"Rumania\">Rumania<\/option><option value=\"Rusia\">Rusia<\/option><option value=\"Samoa\">Samoa<\/option><option value=\"San Crist\u00f3bal y Nieves\">San Crist\u00f3bal y Nieves<\/option><option value=\"San Marino\">San Marino<\/option><option value=\"San Vicente y las Granadinas\">San Vicente y las Granadinas<\/option><option value=\"Santa Luc\u00eda\">Santa Luc\u00eda<\/option><option value=\"Santo Tom\u00e9 y Pr\u00edncipe\">Santo Tom\u00e9 y Pr\u00edncipe<\/option><option value=\"Senegal\">Senegal<\/option><option value=\"Serbia\">Serbia<\/option><option value=\"Seychelles\">Seychelles<\/option><option value=\"Sierra Leona\">Sierra Leona<\/option><option value=\"Singapur\">Singapur<\/option><option value=\"Siria\">Siria<\/option><option value=\"Somalia\">Somalia<\/option><option value=\"Sri Lanka\">Sri Lanka<\/option><option value=\"Suazilandia (Esuatini)\">Suazilandia (Esuatini)<\/option><option value=\"Sud\u00e1frica\">Sud\u00e1frica<\/option><option value=\"Sud\u00e1n\">Sud\u00e1n<\/option><option value=\"Sud\u00e1n del Sur\">Sud\u00e1n del Sur<\/option><option value=\"Suecia\">Suecia<\/option><option value=\"Suiza\">Suiza<\/option><option value=\"Surinam\">Surinam<\/option><option value=\"Tailandia\">Tailandia<\/option><option value=\"Tanzania\">Tanzania<\/option><option value=\"Tayikist\u00e1n\">Tayikist\u00e1n<\/option><option value=\"Timor Oriental\">Timor Oriental<\/option><option value=\"Togo\">Togo<\/option><option value=\"Tonga\">Tonga<\/option><option value=\"Trinidad y Tobago\">Trinidad y Tobago<\/option><option value=\"T\u00fanez\">T\u00fanez<\/option><option value=\"Turkmenist\u00e1n\">Turkmenist\u00e1n<\/option><option value=\"Turqu\u00eda\">Turqu\u00eda<\/option><option value=\"Tuvalu\">Tuvalu<\/option><option value=\"Ucrania\">Ucrania<\/option><option value=\"Uganda\">Uganda<\/option><option value=\"Uruguay\">Uruguay<\/option><option value=\"Uzbekist\u00e1n\">Uzbekist\u00e1n<\/option><option value=\"Vanuatu\">Vanuatu<\/option><option value=\"Venezuela\">Venezuela<\/option><option value=\"Vietnam\">Vietnam<\/option><option value=\"Yemen\">Yemen<\/option><option value=\"Yibuti\">Yibuti<\/option><option value=\"Zambia\">Zambia<\/option><option value=\"Zimbabue\">Zimbabue<\/option><\/select>\n\t\t\t<\/div>\n\t\t<\/div>\n\n\t\t<div class=\"col-md-6\">\n\t\t\t<div class=\"option_action position-relative headline\">\n\t\t\t\t<h3><i class=\"fab fa-whatsapp\"><\/i> WhatsApp<\/h3>\n\t\t\t\t<input size=\"40\" maxlength=\"400\" class=\"wpcf7-form-control wpcf7-tel wpcf7-validates-as-required wpcf7-text wpcf7-validates-as-tel\" id=\"whatsapp-input\" aria-required=\"true\" aria-invalid=\"false\" value=\"\" type=\"tel\" name=\"whatsapp-numero\" \/>\n\t\t\t<\/div>\n\t\t<\/div>\n\n\t\t<div class=\"col-md-12 text-center\">\n\t\t\t<div class=\"submit-btn text-uppercase\">\n\t\t\t\t<input class=\"wpcf7-form-control wpcf7-submit has-spinner\" type=\"submit\" value=\"Unirme a la Traves\u00eda\" \/>\n\t\t\t<\/div>\n\t\t<\/div>\n\t<\/div>\n<\/div><div class=\"wpcf7-response-output\" aria-hidden=\"true\"><\/div>\n<\/form>\n<\/div>\n            <\/div>\n        <\/div>\n    <\/div>\n\n<\/div>\t\t\t\t<\/div>\n\t\t\t\t<\/div>\n\t\t\t\t<\/div>\n\t\t<div class=\"elementor-element elementor-element-29adccc e-con-full e-flex e-con e-parent\" data-id=\"29adccc\" data-element_type=\"container\" data-e-type=\"container\">\n\t\t\t\t<div class=\"elementor-element elementor-element-b133001 elementor-widget elementor-widget-google_maps\" data-id=\"b133001\" data-element_type=\"widget\" data-e-type=\"widget\" data-widget_type=\"google_maps.default\">\n\t\t\t\t\t\t\t<div class=\"elementor-custom-embed\">\n\t\t\t<iframe loading=\"lazy\"\n\t\t\t\t\tsrc=\"https:\/\/maps.google.com\/maps?q=Av.%20Ipiranga%2C%20Aclima%C3%A7%C3%A3o%20-%20S%C3%A3o%20Paulo%20-%20SP%2C%2001046-010&#038;t=m&#038;z=15&#038;output=embed&#038;iwloc=near\"\n\t\t\t\t\ttitle=\"Av. Ipiranga, Aclima\u00e7\u00e3o - S\u00e3o Paulo - SP, 01046-010\"\n\t\t\t\t\taria-label=\"Av. Ipiranga, Aclima\u00e7\u00e3o - S\u00e3o Paulo - SP, 01046-010\"\n\t\t\t><\/iframe>\n\t\t<\/div>\n\t\t\t\t\t\t<\/div>\n\t\t\t\t<\/div>\n\t\t<div class=\"elementor-element elementor-element-90c4045 e-flex e-con-boxed e-con e-parent\" data-id=\"90c4045\" data-element_type=\"container\" data-e-type=\"container\">\n\t\t\t\t\t<div class=\"e-con-inner\">\n\t\t\t\t<div class=\"elementor-element elementor-element-ad49294 elementor-widget elementor-widget-html\" data-id=\"ad49294\" data-element_type=\"widget\" data-e-type=\"widget\" data-widget_type=\"html.default\">\n\t\t\t\t\t<script>\r\ndocument.addEventListener('DOMContentLoaded', function() {\r\n    var paisSelector = document.getElementById('pais-selector');\r\n    var whatsappInput = document.getElementById('whatsapp-input');\r\n\r\n    \r\n    var codigosPostales = {\r\n        \"Afganist\u00e1n\": \"+93\",\r\n\"Albania\": \"+355\",\r\n\"Alemania\": \"+49\",\r\n\"Andorra\": \"+376\",\r\n\"Angola\": \"+244\",\r\n\"Antigua y Barbuda\": \"+1-268\",\r\n\"Arabia Saudita\": \"+966\",\r\n\"Argelia\": \"+213\",\r\n\"Argentina\": \"+54\",\r\n\"Armenia\": \"+374\",\r\n\"Australia\": \"+61\",\r\n\"Austria\": \"+43\",\r\n\"Azerbaiy\u00e1n\": \"+994\",\r\n\"Bahamas\": \"+1-242\",\r\n\"Banglad\u00e9s\": \"+880\",\r\n\"Barbados\": \"+1-246\",\r\n\"Bar\u00e9in\": \"+973\",\r\n\"B\u00e9lgica\": \"+32\",\r\n\"Belice\": \"+501\",\r\n\"Ben\u00edn\": \"+229\",\r\n\"Bielorrusia\": \"+375\",\r\n\"Birmania (Myanmar)\": \"+95\",\r\n\"Bolivia\": \"+591\",\r\n\"Bosnia y Herzegovina\": \"+387\",\r\n\"Botsuana\": \"+267\",\r\n\"Brasil\": \"+55\",\r\n\"Brun\u00e9i\": \"+673\",\r\n\"Bulgaria\": \"+359\",\r\n\"Burkina Faso\": \"+226\",\r\n\"Burundi\": \"+257\",\r\n\"But\u00e1n\": \"+975\",\r\n\"Cabo Verde\": \"+238\",\r\n\"Camboya\": \"+855\",\r\n\"Camer\u00fan\": \"+237\",\r\n\"Canad\u00e1\": \"+1\",\r\n\"Catar\": \"+974\",\r\n\"Chad\": \"+235\",\r\n\"Chile\": \"+56\",\r\n\"China\": \"+86\",\r\n\"Chipre\": \"+357\",\r\n\"Ciudad del Vaticano\": \"+39\",\r\n\"Colombia\": \"+57\",\r\n\"Comoras\": \"+269\",\r\n\"Corea del Norte\": \"+850\",\r\n\"Corea del Sur\": \"+82\",\r\n\"Costa de Marfil\": \"+225\",\r\n\"Costa Rica\": \"+506\",\r\n\"Croacia\": \"+385\",\r\n\"Cuba\": \"+53\",\r\n\"Dinamarca\": \"+45\",\r\n\"Dominica\": \"+1-767\",\r\n\"Ecuador\": \"+593\",\r\n\"Egipto\": \"+20\",\r\n\"El Salvador\": \"+503\",\r\n\"Emiratos \u00c1rabes Unidos\": \"+971\",\r\n\"Eritrea\": \"+291\",\r\n\"Eslovaquia\": \"+421\",\r\n\"Eslovenia\": \"+386\",\r\n\"Espa\u00f1a\": \"+34\",\r\n\"Estados Unidos\": \"+1\",\r\n\"Estonia\": \"+372\",\r\n\"Etiop\u00eda\": \"+251\",\r\n\"Filipinas\": \"+63\",\r\n\"Finlandia\": \"+358\",\r\n\"Fiyi\": \"+679\",\r\n\"Francia\": \"+33\",\r\n\"Gab\u00f3n\": \"+241\",\r\n\"Gambia\": \"+220\",\r\n\"Georgia\": \"+995\",\r\n\"Ghana\": \"+233\",\r\n\"Granada\": \"+1-473\",\r\n\"Grecia\": \"+30\",\r\n\"Guatemala\": \"+502\",\r\n\"Guyana\": \"+592\",\r\n\"Guinea\": \"+224\",\r\n\"Guinea-Bis\u00e1u\": \"+245\",\r\n\"Guinea Ecuatorial\": \"+240\",\r\n\"Hait\u00ed\": \"+509\",\r\n\"Honduras\": \"+504\",\r\n\"Hungr\u00eda\": \"+36\",\r\n\"India\": \"+91\",\r\n\"Indonesia\": \"+62\",\r\n\"Irak\": \"+964\",\r\n\"Ir\u00e1n\": \"+98\",\r\n\"Irlanda\": \"+353\",\r\n\"Islandia\": \"+354\",\r\n\"Islas Marshall\": \"+692\",\r\n\"Islas Salom\u00f3n\": \"+677\",\r\n\"Israel\": \"+972\",\r\n\"Italia\": \"+39\",\r\n\"Jamaica\": \"+1-876\",\r\n\"Jap\u00f3n\": \"+81\",\r\n\"Jordania\": \"+962\",\r\n\"Kazajist\u00e1n\": \"+7\",\r\n\"Kenia\": \"+254\",\r\n\"Kirguist\u00e1n\": \"+996\",\r\n\"Kiribati\": \"+686\",\r\n\"Kuwait\": \"+965\",\r\n\"Laos\": \"+856\",\r\n\"Lesoto\": \"+266\",\r\n\"Letonia\": \"+371\",\r\n\"L\u00edbano\": \"+961\",\r\n\"Liberia\": \"+231\",\r\n\"Libia\": \"+218\",\r\n\"Liechtenstein\": \"+423\",\r\n\"Lituania\": \"+370\",\r\n\"Luxemburgo\": \"+352\",\r\n\"Macedonia del Norte\": \"+389\",\r\n\"Madagascar\": \"+261\",\r\n\"Malasia\": \"+60\",\r\n\"Malaui\": \"+265\",\r\n\"Maldivas\": \"+960\",\r\n\"Mal\u00ed\": \"+223\",\r\n\"Malta\": \"+356\",\r\n\"Marruecos\": \"+212\",\r\n\"Mauricio\": \"+230\",\r\n\"Mauritania\": \"+222\",\r\n\"M\u00e9xico\": \"+52\",\r\n\"Micronesia\": \"+691\",\r\n\"Moldavia\": \"+373\",\r\n\"M\u00f3naco\": \"+377\",\r\n\"Mongolia\": \"+976\",\r\n\"Montenegro\": \"+382\",\r\n\"Mozambique\": \"+258\",\r\n\"Namibia\": \"+264\",\r\n\"Nauru\": \"+674\",\r\n\"Nepal\": \"+977\",\r\n\"Nicaragua\": \"+505\",\r\n\"N\u00edger\": \"+227\",\r\n\"Nigeria\": \"+234\",\r\n\"Noruega\": \"+47\",\r\n\"Nueva Zelanda\": \"+64\",\r\n\"Om\u00e1n\": \"+968\",\r\n\"Pa\u00edses Bajos\": \"+31\",\r\n\"Pakist\u00e1n\": \"+92\",\r\n\"Palaos\": \"+680\",\r\n\"Palestina\": \"+970\",\r\n\"Panam\u00e1\": \"+507\",\r\n\"Pap\u00faa Nueva Guinea\": \"+675\",\r\n\"Paraguay\": \"+595\",\r\n\"Per\u00fa\": \"+51\",\r\n\"Polonia\": \"+48\",\r\n\"Portugal\": \"+351\",\r\n\"Reino Unido\": \"+44\",\r\n\"Rep\u00fablica Centroafricana\": \"+236\",\r\n\"Rep\u00fablica Checa\": \"+420\",\r\n\"Rep\u00fablica del Congo\": \"+242\",\r\n\"Rep\u00fablica Democr\u00e1tica del Congo\": \"+243\",\r\n\"Rep\u00fablica Dominicana\": \"+1-809\",\r\n\"Ruanda\": \"+250\",\r\n\"Rumania\": \"+40\",\r\n\"Rusia\": \"+7\",\r\n\"Samoa\": \"+685\",\r\n\"San Crist\u00f3bal y Nieves\": \"+1-869\",\r\n\"San Marino\": \"+378\",\r\n\"San Vicente y las Granadinas\": \"+1-784\",\r\n\"Santa Luc\u00eda\": \"+1-758\",\r\n\"Santo Tom\u00e9 y Pr\u00edncipe\": \"+239\",\r\n\"Senegal\": \"+221\",\r\n\"Serbia\": \"+381\",\r\n\"Seychelles\": \"+248\",\r\n\"Sierra Leona\": \"+232\",\r\n\"Singapur\": \"+65\",\r\n\"Siria\": \"+963\",\r\n\"Somalia\": \"+252\",\r\n\"Sri Lanka\": \"+94\",\r\n\"Suazilandia (Esuatini)\": \"+268\",\r\n\"Sud\u00e1frica\": \"+27\",\r\n\"Sud\u00e1n\": \"+249\",\r\n\"Sud\u00e1n del Sur\": \"+211\",\r\n\"Suecia\": \"+46\",\r\n\"Suiza\": \"+41\",\r\n\"Surinam\": \"+597\",\r\n\"Tailandia\": \"+66\",\r\n\"Tanzania\": \"+255\",\r\n\"Tayikist\u00e1n\": \"+992\",\r\n\"Timor Oriental\": \"+670\",\r\n\"Togo\": \"+228\",\r\n\"Tonga\": \"+676\",\r\n\"Trinidad y Tobago\": \"+1-868\",\r\n\"T\u00fanez\": \"+216\",\r\n\"Turkmenist\u00e1n\": \"+993\",\r\n\"Turqu\u00eda\": \"+90\",\r\n\"Tuvalu\": \"+688\",\r\n\"Ucrania\": \"+380\",\r\n\"Uganda\": \"+256\",\r\n\"Uruguay\": \"+598\",\r\n\"Uzbekist\u00e1n\": \"+998\",\r\n\"Vanuatu\": \"+678\",\r\n\"Venezuela\": \"+58\",\r\n\"Vietnam\": \"+84\",\r\n\"Yemen\": \"+967\",\r\n\"Yibuti\": \"+253\",\r\n\"Zambia\": \"+260\",\r\n\"Zimbabue\": \"+263\"\r\n    };\r\n\r\n    if (paisSelector && whatsappInput) {\r\n        paisSelector.addEventListener('change', function() {\r\n            var paisSeleccionado = this.value;\r\n            var prefijo = codigosPostales[paisSeleccionado];\r\n\r\n            if (prefijo) {\r\n                \r\n                whatsappInput.value = prefijo + \" \";\r\n                whatsappInput.focus();\r\n            }\r\n        });\r\n    }\r\n});\r\n<\/script>\t\t\t\t<\/div>\n\t\t\t\t\t<\/div>\n\t\t\t\t<\/div>\n\t\t\t\t<\/div>\n\t\t","protected":false},"excerpt":{"rendered":"<p>As\u00f3ciate e Inscr\u00edbete Nombres Apellidos Correo Electr\u00f3nico Pa\u00eds &#8212;Por favor, elige una opci\u00f3n&#8212;Afganist\u00e1nAlbaniaAlemaniaAndorraAngolaAntigua y BarbudaArabia SauditaArgeliaArgentinaArmeniaAustraliaAustriaAzerbaiy\u00e1nBahamasBanglad\u00e9sBarbadosBar\u00e9inB\u00e9lgicaBeliceBen\u00ednBielorrusiaBirmania (Myanmar)BoliviaBosnia y HerzegovinaBotsuanaBrasilBrun\u00e9iBulgariaBurkina FasoBurundiBut\u00e1nCabo VerdeCamboyaCamer\u00fanCanad\u00e1CatarChadChileChinaChipreCiudad del VaticanoColombiaComorasCorea del NorteCorea del SurCosta de MarfilCosta RicaCroaciaCubaDinamarcaDominicaEcuadorEgiptoEl SalvadorEmiratos \u00c1rabes UnidosEritreaEslovaquiaEsloveniaEspa\u00f1aEstados UnidosEstoniaEtiop\u00edaFilipinasFinlandiaFiyiFranciaGab\u00f3nGambiaGeorgiaGhanaGranadaGreciaGuatemalaGuyanaGuineaGuinea-Bis\u00e1uGuinea EcuatorialHait\u00edHondurasHungr\u00edaIndiaIndonesiaIrakIr\u00e1nIrlandaIslandiaIslas MarshallIslas Salom\u00f3nIsraelItaliaJamaicaJap\u00f3nJordaniaKazajist\u00e1nKeniaKirguist\u00e1nKiribatiKuwaitLaosLesotoLetoniaL\u00edbanoLiberiaLibiaLiechtensteinLituaniaLuxemburgoMacedonia del NorteMadagascarMalasiaMalauiMaldivasMal\u00edMaltaMarruecosMauricioMauritaniaM\u00e9xicoMicronesiaMoldaviaM\u00f3nacoMongoliaMontenegroMozambiqueNamibiaNauruNepalNicaraguaN\u00edgerNigeriaNoruegaNueva ZelandaOm\u00e1nPa\u00edses BajosPakist\u00e1nPalaosPalestinaPanam\u00e1Pap\u00faa Nueva GuineaParaguayPer\u00faPoloniaPortugalReino UnidoRep\u00fablica CentroafricanaRep\u00fablica ChecaRep\u00fablica del CongoRep\u00fablica Democr\u00e1tica del CongoRep\u00fablica DominicanaRuandaRumaniaRusiaSamoaSan Crist\u00f3bal y NievesSan [&hellip;]<\/p>\n","protected":false},"author":1,"featured_media":0,"parent":0,"menu_order":0,"comment_status":"closed","ping_status":"closed","template":"elementor_header_footer","meta":{"footnotes":""},"class_list":["post-851","page","type-page","status-publish","hentry"],"_hostinger_reach_plugin_has_subscription_block":false,"_hostinger_reach_plugin_is_elementor":false,"_links":{"self":[{"href":"https:\/\/fucae.com\/america28\/wp-json\/wp\/v2\/pages\/851","targetHints":{"allow":["GET"]}}],"collection":[{"href":"https:\/\/fucae.com\/america28\/wp-json\/wp\/v2\/pages"}],"about":[{"href":"https:\/\/fucae.com\/america28\/wp-json\/wp\/v2\/types\/page"}],"author":[{"embeddable":true,"href":"https:\/\/fucae.com\/america28\/wp-json\/wp\/v2\/users\/1"}],"replies":[{"embeddable":true,"href":"https:\/\/fucae.com\/america28\/wp-json\/wp\/v2\/comments?post=851"}],"version-history":[{"count":41,"href":"https:\/\/fucae.com\/america28\/wp-json\/wp\/v2\/pages\/851\/revisions"}],"predecessor-version":[{"id":3110,"href":"https:\/\/fucae.com\/america28\/wp-json\/wp\/v2\/pages\/851\/revisions\/3110"}],"wp:attachment":[{"href":"https:\/\/fucae.com\/america28\/wp-json\/wp\/v2\/media?parent=851"}],"curies":[{"name":"wp","href":"https:\/\/api.w.org\/{rel}","templated":true}]}}